{"id":2106,"date":"2025-11-20T12:27:47","date_gmt":"2025-11-20T10:27:47","guid":{"rendered":"https:\/\/www.firipo.fi\/?page_id=2106"},"modified":"2026-03-30T15:08:26","modified_gmt":"2026-03-30T13:08:26","slug":"journalistipanelen","status":"publish","type":"page","link":"https:\/\/www.firipo.fi\/sv\/infrastruktur\/journalistipanelen\/","title":{"rendered":"Journalistipanelen"},"content":{"rendered":"\t\t<div data-elementor-type=\"wp-page\" data-elementor-id=\"2106\" class=\"elementor elementor-2106 elementor-2100\" data-elementor-post-type=\"page\">\n\t\t\t\t<div class=\"elementor-element elementor-element-aaf5755 e-flex e-con-boxed e-con e-parent\" data-id=\"aaf5755\" data-element_type=\"container\" data-e-type=\"container\">\n\t\t\t\t\t<div class=\"e-con-inner\">\n\t\t\t\t<div class=\"elementor-element elementor-element-7d026f5 elementor-widget elementor-widget-heading\" data-id=\"7d026f5\" data-element_type=\"widget\" data-e-type=\"widget\" data-widget_type=\"heading.default\">\n\t\t\t\t<div class=\"elementor-widget-container\">\n\t\t\t\t\t<h1 class=\"elementor-heading-title elementor-size-default\">G\u00e5 med i Journalistpanelen<\/h1>\t\t\t\t<\/div>\n\t\t\t\t<\/div>\n\t\t\t\t<div class=\"elementor-element elementor-element-1930952 elementor-widget elementor-widget-video\" data-id=\"1930952\" data-element_type=\"widget\" data-e-type=\"widget\" data-settings=\"{&quot;video_type&quot;:&quot;vimeo&quot;}\" data-widget_type=\"video.default\">\n\t\t\t\t<div class=\"elementor-widget-container\">\n\t\t\t\t\t\t\t<div class=\"elementor-wrapper elementor-open-inline\">\n\t\t\t<iframe class=\"elementor-video-iframe\" allowfullscreen allow=\"clipboard-write\" title=\"vimeo-videospelare\" src=\"https:\/\/player.vimeo.com\/video\/1178444989?color&amp;autopause=0&amp;loop=0&amp;muted=0&amp;title=1&amp;portrait=0&amp;byline=1#t=\"><\/iframe>\t\t<\/div>\n\t\t\t\t\t\t<\/div>\n\t\t\t\t<\/div>\n\t\t\t\t<div class=\"elementor-element elementor-element-df45d4b elementor-widget elementor-widget-text-editor\" data-id=\"df45d4b\" data-element_type=\"widget\" data-e-type=\"widget\" data-widget_type=\"text-editor.default\">\n\t\t\t\t<div class=\"elementor-widget-container\">\n\t\t\t\t\t\t\t\t\t<h4>Vad handlar detta om?<\/h4><p>Vi h\u00e5ller som b\u00e4st p\u00e5 att bygga upp den nya finl\u00e4ndska Journalistpanelen. Panelen ska best\u00e5 av journalister som ett par g\u00e5nger per \u00e5r kan svara p\u00e5 n\u00e5gra forskningsenk\u00e4ter.<\/p><p>Panelen \u00e4r den f\u00f6rsta i sitt slag i Finland, och byggs upp inom den nationella FIRIPO-infrastrukturen som i nul\u00e4get driver fyra andra paneler. M\u00e5ls\u00e4ttningen \u00e4r att med hj\u00e4lp av panelen skapa vetenskaplig forskning av h\u00f6g klass om journalistikens tillst\u00e5nd i Finland.<\/p><h4>Vem ligger bakom?<\/h4><p><a href=\"http:\/\/www.firipo.fi\" target=\"_blank\" rel=\"noopener\">FIRIPO<\/a> \u00e4r ett samarbete mellan \u00c5bo Akademi, Universitetet i Tammerfors och \u00c5bo Universitet. H\u00f6gskolorna i kommunikationsbranschen, Samfundet f\u00f6r medie- och kommunikationsvetenskap (Mevi rf) och Journalistf\u00f6rbundet st\u00f6der arbetet.<\/p><h4>Varf\u00f6r g\u00e5 med?<\/h4><p>Just nu samlar vi in namn p\u00e5 journalister som kan t\u00e4nka sig att delta i panelen. F\u00f6r att f\u00e5 ihop en tillr\u00e4ckligt stor grupp beh\u00f6ver vi ocks\u00e5 din hj\u00e4lp \u2013 och d\u00e4rf\u00f6r hoppas vi att just du, som arbetar som journalist, vill g\u00e5 med. Fr\u00e5n panelens sida kan vi garantera:<\/p><p><strong>En h\u00f6g kvalitet<\/strong>: de enk\u00e4ter du f\u00e5r via panelen \u00e4r v\u00e4rda din tid och fyller alla krav p\u00e5 datas\u00e4kerhet<\/p><p><strong>En tidseffektiv panel<\/strong>: enk\u00e4terna \u00e4r korta och du f\u00e5r bara n\u00e5gra enk\u00e4ter att svara p\u00e5 per \u00e5r<\/p><p><strong>En genomt\u00e4nkt helhet<\/strong>: vi kvalitetsgranskar enk\u00e4tfr\u00e5gorna innan de skickas ut, och du beh\u00f6ver inte svara p\u00e5 bakgrundsfr\u00e5gor i varje ny enk\u00e4t<\/p><p><strong>Fokus p\u00e5 vetenskap<\/strong>: bara enk\u00e4ter f\u00f6r forskning ing\u00e5r, inga kommersiella marknadsunders\u00f6kningar<\/p><p>Genom att delta g\u00f6r du en verklig skillnad och bidrar till vad vi vet om journalistiken i v\u00e5rt land \u2013 och motverkar att p\u00e5st\u00e5enden utan grund f\u00e5r st\u00f6rre spridning. Priser lottas ocks\u00e5 emellan\u00e5t ut bland dem som medverkar i enk\u00e4terna.<\/p><h4>Hur g\u00e5r jag med?<\/h4><p>Genom knappen nedan kommer du till anm\u00e4lningsformul\u00e4ret f\u00f6r Journalistpanelen. F\u00f6r att g\u00e5 med beh\u00f6ver du godk\u00e4nna <a href=\"https:\/\/www.firipo.fi\/wp-content\/uploads\/2025\/11\/Journalistpanelen_villkor_dataskyddsbeskrivning.pdf\" target=\"_blank\" rel=\"noopener\">Journalistpanelens dataskyddsbeskrivning<\/a>.\u00a0<\/p>\t\t\t\t\t\t\t\t<\/div>\n\t\t\t\t<\/div>\n\t\t\t\t<div class=\"elementor-element elementor-element-6b95b84 elementor-align-center elementor-widget elementor-widget-button\" data-id=\"6b95b84\" data-element_type=\"widget\" data-e-type=\"widget\" data-widget_type=\"button.default\">\n\t\t\t\t<div class=\"elementor-widget-container\">\n\t\t\t\t\t\t\t\t\t<div class=\"elementor-button-wrapper\">\n\t\t\t\t\t<a class=\"elementor-button elementor-button-link elementor-size-sm\" href=\"https:\/\/questionpro.eu\/a\/TakeSurvey?tt=vzj4fJJK6JSBqxhAX%2BgkUg%3D%3D\">\n\t\t\t\t\t\t<span class=\"elementor-button-content-wrapper\">\n\t\t\t\t\t\t\t\t\t<span class=\"elementor-button-text\">Anm\u00e4lningsformul\u00e4ret<\/span>\n\t\t\t\t\t<\/span>\n\t\t\t\t\t<\/a>\n\t\t\t\t<\/div>\n\t\t\t\t\t\t\t\t<\/div>\n\t\t\t\t<\/div>\n\t\t\t\t\t<\/div>\n\t\t\t\t<\/div>\n\t\t\t\t<\/div>\n\t\t","protected":false},"excerpt":{"rendered":"<p>G\u00e5 med i Journalistpanelen Vad handlar detta om? Vi h\u00e5ller som b\u00e4st p\u00e5 att bygga upp den nya finl\u00e4ndska Journalistpanelen. Panelen ska best\u00e5 av journalister som ett par g\u00e5nger per \u00e5r kan svara p\u00e5 n\u00e5gra forskningsenk\u00e4ter. Panelen \u00e4r den f\u00f6rsta i sitt slag i Finland, och byggs upp inom den nationella FIRIPO-infrastrukturen som i nul\u00e4get [&hellip;]<\/p>\n","protected":false},"author":2,"featured_media":0,"parent":1278,"menu_order":0,"comment_status":"closed","ping_status":"closed","template":"","meta":{"_acf_changed":false,"ocean_post_layout":"","ocean_both_sidebars_style":"","ocean_both_sidebars_content_width":0,"ocean_both_sidebars_sidebars_width":0,"ocean_sidebar":"","ocean_second_sidebar":"","ocean_disable_margins":"enable","ocean_add_body_class":"","ocean_shortcode_before_top_bar":"","ocean_shortcode_after_top_bar":"","ocean_shortcode_before_header":"","ocean_shortcode_after_header":"","ocean_has_shortcode":"","ocean_shortcode_after_title":"","ocean_shortcode_before_footer_widgets":"","ocean_shortcode_after_footer_widgets":"","ocean_shortcode_before_footer_bottom":"","ocean_shortcode_after_footer_bottom":"","ocean_display_top_bar":"default","ocean_display_header":"default","ocean_header_style":"","ocean_center_header_left_menu":"","ocean_custom_header_template":"","ocean_custom_logo":0,"ocean_custom_retina_logo":0,"ocean_custom_logo_max_width":0,"ocean_custom_logo_tablet_max_width":0,"ocean_custom_logo_mobile_max_width":0,"ocean_custom_logo_max_height":0,"ocean_custom_logo_tablet_max_height":0,"ocean_custom_logo_mobile_max_height":0,"ocean_header_custom_menu":"","ocean_menu_typo_font_family":"","ocean_menu_typo_font_subset":"","ocean_menu_typo_font_size":0,"ocean_menu_typo_font_size_tablet":0,"ocean_menu_typo_font_size_mobile":0,"ocean_menu_typo_font_size_unit":"px","ocean_menu_typo_font_weight":"","ocean_menu_typo_font_weight_tablet":"","ocean_menu_typo_font_weight_mobile":"","ocean_menu_typo_transform":"","ocean_menu_typo_transform_tablet":"","ocean_menu_typo_transform_mobile":"","ocean_menu_typo_line_height":0,"ocean_menu_typo_line_height_tablet":0,"ocean_menu_typo_line_height_mobile":0,"ocean_menu_typo_line_height_unit":"","ocean_menu_typo_spacing":0,"ocean_menu_typo_spacing_tablet":0,"ocean_menu_typo_spacing_mobile":0,"ocean_menu_typo_spacing_unit":"","ocean_menu_link_color":"","ocean_menu_link_color_hover":"","ocean_menu_link_color_active":"","ocean_menu_link_background":"","ocean_menu_link_hover_background":"","ocean_menu_link_active_background":"","ocean_menu_social_links_bg":"","ocean_menu_social_hover_links_bg":"","ocean_menu_social_links_color":"","ocean_menu_social_hover_links_color":"","ocean_disable_title":"default","ocean_disable_heading":"default","ocean_post_title":"","ocean_post_subheading":"","ocean_post_title_style":"","ocean_post_title_background_color":"","ocean_post_title_background":0,"ocean_post_title_bg_image_position":"","ocean_post_title_bg_image_attachment":"","ocean_post_title_bg_image_repeat":"","ocean_post_title_bg_image_size":"","ocean_post_title_height":0,"ocean_post_title_bg_overlay":0.5,"ocean_post_title_bg_overlay_color":"","ocean_disable_breadcrumbs":"default","ocean_breadcrumbs_color":"","ocean_breadcrumbs_separator_color":"","ocean_breadcrumbs_links_color":"","ocean_breadcrumbs_links_hover_color":"","ocean_display_footer_widgets":"default","ocean_display_footer_bottom":"default","ocean_custom_footer_template":"","osh_disable_topbar_sticky":"default","osh_disable_header_sticky":"default","osh_sticky_header_style":"default","osh_sticky_header_effect":"","osh_custom_sticky_logo":0,"osh_custom_retina_sticky_logo":0,"osh_custom_sticky_logo_height":0,"osh_background_color":"","osh_links_color":"","osh_links_hover_color":"","osh_links_active_color":"","osh_links_bg_color":"","osh_links_hover_bg_color":"","osh_links_active_bg_color":"","osh_menu_social_links_color":"","osh_menu_social_hover_links_color":"","footnotes":""},"class_list":["post-2106","page","type-page","status-publish","hentry","entry"],"acf":[],"yoast_head":"<!-- This site is optimized with the Yoast SEO plugin v27.4 - https:\/\/yoast.com\/product\/yoast-seo-wordpress\/ -->\n<title>Journalistipanelen - \u00c5bo Akademi FIRIPO<\/title>\n<meta name=\"robots\" content=\"index, follow, max-snippet:-1, max-image-preview:large, max-video-preview:-1\" \/>\n<link rel=\"canonical\" href=\"https:\/\/www.firipo.fi\/sv\/infrastruktur\/journalistipanelen\/\" \/>\n<meta property=\"og:locale\" content=\"sv_SE\" \/>\n<meta property=\"og:type\" content=\"article\" \/>\n<meta property=\"og:title\" content=\"Journalistipanelen - \u00c5bo Akademi FIRIPO\" \/>\n<meta property=\"og:description\" content=\"G\u00e5 med i Journalistpanelen Vad handlar detta om? Vi h\u00e5ller som b\u00e4st p\u00e5 att bygga upp den nya finl\u00e4ndska Journalistpanelen. Panelen ska best\u00e5 av journalister som ett par g\u00e5nger per \u00e5r kan svara p\u00e5 n\u00e5gra forskningsenk\u00e4ter. Panelen \u00e4r den f\u00f6rsta i sitt slag i Finland, och byggs upp inom den nationella FIRIPO-infrastrukturen som i nul\u00e4get [&hellip;]\" \/>\n<meta property=\"og:url\" content=\"https:\/\/www.firipo.fi\/sv\/infrastruktur\/journalistipanelen\/\" \/>\n<meta property=\"og:site_name\" content=\"\u00c5bo Akademi FIRIPO\" \/>\n<meta property=\"article:modified_time\" content=\"2026-03-30T13:08:26+00:00\" \/>\n<meta name=\"twitter:card\" content=\"summary_large_image\" \/>\n<meta name=\"twitter:label1\" content=\"Ber\u00e4knad l\u00e4stid\" \/>\n\t<meta name=\"twitter:data1\" content=\"2 minuter\" \/>\n<script type=\"application\/ld+json\" class=\"yoast-schema-graph\">{\"@context\":\"https:\\\/\\\/schema.org\",\"@graph\":[{\"@type\":\"WebPage\",\"@id\":\"https:\\\/\\\/www.firipo.fi\\\/sv\\\/infrastruktur\\\/journalistipanelen\\\/\",\"url\":\"https:\\\/\\\/www.firipo.fi\\\/sv\\\/infrastruktur\\\/journalistipanelen\\\/\",\"name\":\"Journalistipanelen - \u00c5bo Akademi FIRIPO\",\"isPartOf\":{\"@id\":\"https:\\\/\\\/www.firipo.fi\\\/sv\\\/#website\"},\"datePublished\":\"2025-11-20T10:27:47+00:00\",\"dateModified\":\"2026-03-30T13:08:26+00:00\",\"breadcrumb\":{\"@id\":\"https:\\\/\\\/www.firipo.fi\\\/sv\\\/infrastruktur\\\/journalistipanelen\\\/#breadcrumb\"},\"inLanguage\":\"sv-SE\",\"potentialAction\":[{\"@type\":\"ReadAction\",\"target\":[\"https:\\\/\\\/www.firipo.fi\\\/sv\\\/infrastruktur\\\/journalistipanelen\\\/\"]}]},{\"@type\":\"BreadcrumbList\",\"@id\":\"https:\\\/\\\/www.firipo.fi\\\/sv\\\/infrastruktur\\\/journalistipanelen\\\/#breadcrumb\",\"itemListElement\":[{\"@type\":\"ListItem\",\"position\":1,\"name\":\"Home\",\"item\":\"https:\\\/\\\/www.firipo.fi\\\/sv\\\/\"},{\"@type\":\"ListItem\",\"position\":2,\"name\":\"Om oss\",\"item\":\"https:\\\/\\\/www.firipo.fi\\\/sv\\\/research\\\/\"},{\"@type\":\"ListItem\",\"position\":3,\"name\":\"Journalistipanelen\"}]},{\"@type\":\"WebSite\",\"@id\":\"https:\\\/\\\/www.firipo.fi\\\/sv\\\/#website\",\"url\":\"https:\\\/\\\/www.firipo.fi\\\/sv\\\/\",\"name\":\"\u00c5bo Akademi FIRIPO\",\"description\":\"The Finnish Research Infrastructure for Public Opinion\",\"publisher\":{\"@id\":\"https:\\\/\\\/www.firipo.fi\\\/sv\\\/#organization\"},\"potentialAction\":[{\"@type\":\"SearchAction\",\"target\":{\"@type\":\"EntryPoint\",\"urlTemplate\":\"https:\\\/\\\/www.firipo.fi\\\/sv\\\/?s={search_term_string}\"},\"query-input\":{\"@type\":\"PropertyValueSpecification\",\"valueRequired\":true,\"valueName\":\"search_term_string\"}}],\"inLanguage\":\"sv-SE\"},{\"@type\":\"Organization\",\"@id\":\"https:\\\/\\\/www.firipo.fi\\\/sv\\\/#organization\",\"name\":\"\u00c5bo Akademi FIRIPO\",\"url\":\"https:\\\/\\\/www.firipo.fi\\\/sv\\\/\",\"logo\":{\"@type\":\"ImageObject\",\"inLanguage\":\"sv-SE\",\"@id\":\"https:\\\/\\\/www.firipo.fi\\\/sv\\\/#\\\/schema\\\/logo\\\/image\\\/\",\"url\":\"https:\\\/\\\/www.firipo.fi\\\/wp-content\\\/uploads\\\/2020\\\/03\\\/cropped-logo-png.png\",\"contentUrl\":\"https:\\\/\\\/www.firipo.fi\\\/wp-content\\\/uploads\\\/2020\\\/03\\\/cropped-logo-png.png\",\"width\":227,\"height\":306,\"caption\":\"\u00c5bo Akademi FIRIPO\"},\"image\":{\"@id\":\"https:\\\/\\\/www.firipo.fi\\\/sv\\\/#\\\/schema\\\/logo\\\/image\\\/\"}}]}<\/script>\n<!-- \/ Yoast SEO plugin. -->","yoast_head_json":{"title":"Journalistipanelen - \u00c5bo Akademi FIRIPO","robots":{"index":"index","follow":"follow","max-snippet":"max-snippet:-1","max-image-preview":"max-image-preview:large","max-video-preview":"max-video-preview:-1"},"canonical":"https:\/\/www.firipo.fi\/sv\/infrastruktur\/journalistipanelen\/","og_locale":"sv_SE","og_type":"article","og_title":"Journalistipanelen - \u00c5bo Akademi FIRIPO","og_description":"G\u00e5 med i Journalistpanelen Vad handlar detta om? Vi h\u00e5ller som b\u00e4st p\u00e5 att bygga upp den nya finl\u00e4ndska Journalistpanelen. Panelen ska best\u00e5 av journalister som ett par g\u00e5nger per \u00e5r kan svara p\u00e5 n\u00e5gra forskningsenk\u00e4ter. Panelen \u00e4r den f\u00f6rsta i sitt slag i Finland, och byggs upp inom den nationella FIRIPO-infrastrukturen som i nul\u00e4get [&hellip;]","og_url":"https:\/\/www.firipo.fi\/sv\/infrastruktur\/journalistipanelen\/","og_site_name":"\u00c5bo Akademi FIRIPO","article_modified_time":"2026-03-30T13:08:26+00:00","twitter_card":"summary_large_image","twitter_misc":{"Ber\u00e4knad l\u00e4stid":"2 minuter"},"schema":{"@context":"https:\/\/schema.org","@graph":[{"@type":"WebPage","@id":"https:\/\/www.firipo.fi\/sv\/infrastruktur\/journalistipanelen\/","url":"https:\/\/www.firipo.fi\/sv\/infrastruktur\/journalistipanelen\/","name":"Journalistipanelen - \u00c5bo Akademi FIRIPO","isPartOf":{"@id":"https:\/\/www.firipo.fi\/sv\/#website"},"datePublished":"2025-11-20T10:27:47+00:00","dateModified":"2026-03-30T13:08:26+00:00","breadcrumb":{"@id":"https:\/\/www.firipo.fi\/sv\/infrastruktur\/journalistipanelen\/#breadcrumb"},"inLanguage":"sv-SE","potentialAction":[{"@type":"ReadAction","target":["https:\/\/www.firipo.fi\/sv\/infrastruktur\/journalistipanelen\/"]}]},{"@type":"BreadcrumbList","@id":"https:\/\/www.firipo.fi\/sv\/infrastruktur\/journalistipanelen\/#breadcrumb","itemListElement":[{"@type":"ListItem","position":1,"name":"Home","item":"https:\/\/www.firipo.fi\/sv\/"},{"@type":"ListItem","position":2,"name":"Om oss","item":"https:\/\/www.firipo.fi\/sv\/research\/"},{"@type":"ListItem","position":3,"name":"Journalistipanelen"}]},{"@type":"WebSite","@id":"https:\/\/www.firipo.fi\/sv\/#website","url":"https:\/\/www.firipo.fi\/sv\/","name":"\u00c5bo Akademi FIRIPO","description":"The Finnish Research Infrastructure for Public Opinion","publisher":{"@id":"https:\/\/www.firipo.fi\/sv\/#organization"},"potentialAction":[{"@type":"SearchAction","target":{"@type":"EntryPoint","urlTemplate":"https:\/\/www.firipo.fi\/sv\/?s={search_term_string}"},"query-input":{"@type":"PropertyValueSpecification","valueRequired":true,"valueName":"search_term_string"}}],"inLanguage":"sv-SE"},{"@type":"Organization","@id":"https:\/\/www.firipo.fi\/sv\/#organization","name":"\u00c5bo Akademi FIRIPO","url":"https:\/\/www.firipo.fi\/sv\/","logo":{"@type":"ImageObject","inLanguage":"sv-SE","@id":"https:\/\/www.firipo.fi\/sv\/#\/schema\/logo\/image\/","url":"https:\/\/www.firipo.fi\/wp-content\/uploads\/2020\/03\/cropped-logo-png.png","contentUrl":"https:\/\/www.firipo.fi\/wp-content\/uploads\/2020\/03\/cropped-logo-png.png","width":227,"height":306,"caption":"\u00c5bo Akademi FIRIPO"},"image":{"@id":"https:\/\/www.firipo.fi\/sv\/#\/schema\/logo\/image\/"}}]}},"_links":{"self":[{"href":"https:\/\/www.firipo.fi\/sv\/wp-json\/wp\/v2\/pages\/2106","targetHints":{"allow":["GET"]}}],"collection":[{"href":"https:\/\/www.firipo.fi\/sv\/wp-json\/wp\/v2\/pages"}],"about":[{"href":"https:\/\/www.firipo.fi\/sv\/wp-json\/wp\/v2\/types\/page"}],"author":[{"embeddable":true,"href":"https:\/\/www.firipo.fi\/sv\/wp-json\/wp\/v2\/users\/2"}],"replies":[{"embeddable":true,"href":"https:\/\/www.firipo.fi\/sv\/wp-json\/wp\/v2\/comments?post=2106"}],"version-history":[{"count":15,"href":"https:\/\/www.firipo.fi\/sv\/wp-json\/wp\/v2\/pages\/2106\/revisions"}],"predecessor-version":[{"id":2210,"href":"https:\/\/www.firipo.fi\/sv\/wp-json\/wp\/v2\/pages\/2106\/revisions\/2210"}],"up":[{"embeddable":true,"href":"https:\/\/www.firipo.fi\/sv\/wp-json\/wp\/v2\/pages\/1278"}],"wp:attachment":[{"href":"https:\/\/www.firipo.fi\/sv\/wp-json\/wp\/v2\/media?parent=2106"}],"curies":[{"name":"wp","href":"https:\/\/api.w.org\/{rel}","templated":true}]}}