{"id":2100,"date":"2025-11-20T12:27:47","date_gmt":"2025-11-20T10:27:47","guid":{"rendered":"https:\/\/www.firipo.fi\/?page_id=2100"},"modified":"2026-03-30T15:03:14","modified_gmt":"2026-03-30T13:03:14","slug":"journalistipaneeli","status":"publish","type":"page","link":"https:\/\/www.firipo.fi\/fi\/infrastruktuuri\/journalistipaneeli\/","title":{"rendered":"Journalistipaneeli"},"content":{"rendered":"\t\t<div data-elementor-type=\"wp-page\" data-elementor-id=\"2100\" class=\"elementor elementor-2100\" data-elementor-post-type=\"page\">\n\t\t\t\t<div class=\"elementor-element elementor-element-aaf5755 e-flex e-con-boxed e-con e-parent\" data-id=\"aaf5755\" data-element_type=\"container\" data-e-type=\"container\">\n\t\t\t\t\t<div class=\"e-con-inner\">\n\t\t\t\t<div class=\"elementor-element elementor-element-7d026f5 elementor-widget elementor-widget-heading\" data-id=\"7d026f5\" data-element_type=\"widget\" data-e-type=\"widget\" data-widget_type=\"heading.default\">\n\t\t\t\t<div class=\"elementor-widget-container\">\n\t\t\t\t\t<h1 class=\"elementor-heading-title elementor-size-default\">Ilmoittaudu Journalistipaneeliin<\/h1>\t\t\t\t<\/div>\n\t\t\t\t<\/div>\n\t\t\t\t<div class=\"elementor-element elementor-element-cc59b0f elementor-widget elementor-widget-video\" data-id=\"cc59b0f\" data-element_type=\"widget\" data-e-type=\"widget\" data-settings=\"{&quot;video_type&quot;:&quot;vimeo&quot;}\" data-widget_type=\"video.default\">\n\t\t\t\t<div class=\"elementor-widget-container\">\n\t\t\t\t\t\t\t<div class=\"elementor-wrapper elementor-open-inline\">\n\t\t\t<iframe class=\"elementor-video-iframe\" allowfullscreen allow=\"clipboard-write\" title=\"vimeo-videosoitin\" src=\"https:\/\/player.vimeo.com\/video\/1178444989?color&amp;autopause=0&amp;loop=0&amp;muted=0&amp;title=1&amp;portrait=1&amp;byline=1#t=\"><\/iframe>\t\t<\/div>\n\t\t\t\t\t\t<\/div>\n\t\t\t\t<\/div>\n\t\t\t\t<div class=\"elementor-element elementor-element-df45d4b elementor-widget elementor-widget-text-editor\" data-id=\"df45d4b\" data-element_type=\"widget\" data-e-type=\"widget\" data-widget_type=\"text-editor.default\">\n\t\t\t\t<div class=\"elementor-widget-container\">\n\t\t\t\t\t\t\t\t\t<h4>Mist\u00e4 on kyse?<\/h4><p>Olemme parhaillaan rakentamassa uutta suomalaista Journalistipaneelia. Paneeli koostuu toimittajista, jotka voivat vastata muutaman kerran vuodessa tutkimuskyselyihin.<\/p><p>Paneeli on ensimm\u00e4inen laatuaan Suomessa, ja se rakennetaan osana kansallista FIRIPO-infrastruktuuria, joka t\u00e4ll\u00e4 hetkell\u00e4 yll\u00e4pit\u00e4\u00e4 nelj\u00e4\u00e4 muuta paneelia. Tavoitteena on luoda paneelin avulla korkeatasoista tieteellist\u00e4 tutkimusta journalismin tilasta Suomessa.<\/p><h4>Kuka on hankkeen takana?<\/h4><p><a href=\"http:\/\/www.firipo.fi\" target=\"_blank\" rel=\"noopener\">FIRIPO<\/a> on \u00c5bo Akademin, Tampereen yliopiston ja Turun yliopiston yhteisty\u00f6hanke. Viestint\u00e4alan korkeakoulut, media- ja viestint\u00e4tieteellinen seura Mevi ry sek\u00e4 Journalistiliitto tukevat ty\u00f6t\u00e4.<\/p><h4>Miksi liitty\u00e4 mukaan?<\/h4><p>Ker\u00e4\u00e4mme parhaillaan journalisteja, jotka ovat kiinnostuneita liittym\u00e4\u00e4n paneeliin. Jotta saamme kokoon riitt\u00e4v\u00e4n suuren ryhm\u00e4n, tarvitsemme my\u00f6s sinun apuasi, ja siksi toivomme, ett\u00e4 juuri sin\u00e4, joka ty\u00f6skentelet journalistina, haluat liitty\u00e4 mukaan. Paneelin puolesta voimme taata:<\/p><p><strong>Korkean laadun<\/strong>: paneelin kautta saamasi kyselyt ovat aikasi arvoisia ja t\u00e4ytt\u00e4v\u00e4t kaikki tietoturvavaatimukset<\/p><p><strong>Aikatehokkaan paneelin<\/strong>: kyselyt ovat lyhyit\u00e4 ja saat vastailtavaksesi vain muutaman kyselyn vuodessa<\/p><p><strong>Huolellisesti suunnitellun kokonaisuuden<\/strong>: tarkistamme kyselykysymysten laadun ennen niiden l\u00e4hett\u00e4mist\u00e4, eik\u00e4 sinun tarvitse vastata taustakysymyksiin jokaisessa uudessa kyselyss\u00e4<\/p><p><strong>Tieteelliseen tutkimukseen keskittymisen<\/strong>: mukana on vain tutkimuskyselyit\u00e4, ei kaupallisia markkinatutkimuksia.<\/p><p>Osallistumalla paneeliin olet aidosti vaikuttamassa ja edist\u00e4t tiet\u00e4myst\u00e4mme maamme journalismista, ja est\u00e4t perusteettomien v\u00e4itteiden levi\u00e4misen. Ajoittain arvotaan my\u00f6s palkintoja kyselyihin osallistuneiden kesken.<\/p><h4>Miten liityn mukaan?<\/h4><p>Alla olevasta painikkeesta p\u00e4\u00e4set Journalistipaneelin ilmoittautumislomakkeelle. Liitty\u00e4ksesi mukaan sinun tulee hyv\u00e4ksy\u00e4 Journalistipaneelin <a href=\"https:\/\/www.firipo.fi\/wp-content\/uploads\/2025\/11\/Journalistpaneeli_ehdot_tietosuojaseloste.pdf\">tietosuojaseloste<\/a>.<\/p>\t\t\t\t\t\t\t\t<\/div>\n\t\t\t\t<\/div>\n\t\t\t\t<div class=\"elementor-element elementor-element-88eecf1 elementor-align-center elementor-widget elementor-widget-button\" data-id=\"88eecf1\" data-element_type=\"widget\" data-e-type=\"widget\" data-widget_type=\"button.default\">\n\t\t\t\t<div class=\"elementor-widget-container\">\n\t\t\t\t\t\t\t\t\t<div class=\"elementor-button-wrapper\">\n\t\t\t\t\t<a class=\"elementor-button elementor-button-link elementor-size-sm\" href=\"https:\/\/questionpro.eu\/a\/TakeSurvey?tt=vzj4fJJK6JSBqxhAX%2BgkUg%3D%3D\">\n\t\t\t\t\t\t<span class=\"elementor-button-content-wrapper\">\n\t\t\t\t\t\t\t\t\t<span class=\"elementor-button-text\">Ilmoittautumislomakkeelle<\/span>\n\t\t\t\t\t<\/span>\n\t\t\t\t\t<\/a>\n\t\t\t\t<\/div>\n\t\t\t\t\t\t\t\t<\/div>\n\t\t\t\t<\/div>\n\t\t\t\t\t<\/div>\n\t\t\t\t<\/div>\n\t\t\t\t<\/div>\n\t\t","protected":false},"excerpt":{"rendered":"<p>Ilmoittaudu Journalistipaneeliin Mist\u00e4 on kyse? Olemme parhaillaan rakentamassa uutta suomalaista Journalistipaneelia. Paneeli koostuu toimittajista, jotka voivat vastata muutaman kerran vuodessa tutkimuskyselyihin. Paneeli on ensimm\u00e4inen laatuaan Suomessa, ja se rakennetaan osana kansallista FIRIPO-infrastruktuuria, joka t\u00e4ll\u00e4 hetkell\u00e4 yll\u00e4pit\u00e4\u00e4 nelj\u00e4\u00e4 muuta paneelia. Tavoitteena on luoda paneelin avulla korkeatasoista tieteellist\u00e4 tutkimusta journalismin tilasta Suomessa. Kuka on hankkeen takana? FIRIPO [&hellip;]<\/p>\n","protected":false},"author":2,"featured_media":0,"parent":1211,"menu_order":0,"comment_status":"closed","ping_status":"closed","template":"","meta":{"_acf_changed":false,"ocean_post_layout":"","ocean_both_sidebars_style":"","ocean_both_sidebars_content_width":0,"ocean_both_sidebars_sidebars_width":0,"ocean_sidebar":"","ocean_second_sidebar":"","ocean_disable_margins":"enable","ocean_add_body_class":"","ocean_shortcode_before_top_bar":"","ocean_shortcode_after_top_bar":"","ocean_shortcode_before_header":"","ocean_shortcode_after_header":"","ocean_has_shortcode":"","ocean_shortcode_after_title":"","ocean_shortcode_before_footer_widgets":"","ocean_shortcode_after_footer_widgets":"","ocean_shortcode_before_footer_bottom":"","ocean_shortcode_after_footer_bottom":"","ocean_display_top_bar":"default","ocean_display_header":"default","ocean_header_style":"","ocean_center_header_left_menu":"","ocean_custom_header_template":"","ocean_custom_logo":0,"ocean_custom_retina_logo":0,"ocean_custom_logo_max_width":0,"ocean_custom_logo_tablet_max_width":0,"ocean_custom_logo_mobile_max_width":0,"ocean_custom_logo_max_height":0,"ocean_custom_logo_tablet_max_height":0,"ocean_custom_logo_mobile_max_height":0,"ocean_header_custom_menu":"","ocean_menu_typo_font_family":"","ocean_menu_typo_font_subset":"","ocean_menu_typo_font_size":0,"ocean_menu_typo_font_size_tablet":0,"ocean_menu_typo_font_size_mobile":0,"ocean_menu_typo_font_size_unit":"px","ocean_menu_typo_font_weight":"","ocean_menu_typo_font_weight_tablet":"","ocean_menu_typo_font_weight_mobile":"","ocean_menu_typo_transform":"","ocean_menu_typo_transform_tablet":"","ocean_menu_typo_transform_mobile":"","ocean_menu_typo_line_height":0,"ocean_menu_typo_line_height_tablet":0,"ocean_menu_typo_line_height_mobile":0,"ocean_menu_typo_line_height_unit":"","ocean_menu_typo_spacing":0,"ocean_menu_typo_spacing_tablet":0,"ocean_menu_typo_spacing_mobile":0,"ocean_menu_typo_spacing_unit":"","ocean_menu_link_color":"","ocean_menu_link_color_hover":"","ocean_menu_link_color_active":"","ocean_menu_link_background":"","ocean_menu_link_hover_background":"","ocean_menu_link_active_background":"","ocean_menu_social_links_bg":"","ocean_menu_social_hover_links_bg":"","ocean_menu_social_links_color":"","ocean_menu_social_hover_links_color":"","ocean_disable_title":"default","ocean_disable_heading":"default","ocean_post_title":"","ocean_post_subheading":"","ocean_post_title_style":"","ocean_post_title_background_color":"","ocean_post_title_background":0,"ocean_post_title_bg_image_position":"","ocean_post_title_bg_image_attachment":"","ocean_post_title_bg_image_repeat":"","ocean_post_title_bg_image_size":"","ocean_post_title_height":0,"ocean_post_title_bg_overlay":0.5,"ocean_post_title_bg_overlay_color":"","ocean_disable_breadcrumbs":"default","ocean_breadcrumbs_color":"","ocean_breadcrumbs_separator_color":"","ocean_breadcrumbs_links_color":"","ocean_breadcrumbs_links_hover_color":"","ocean_display_footer_widgets":"default","ocean_display_footer_bottom":"default","ocean_custom_footer_template":"","osh_disable_topbar_sticky":"default","osh_disable_header_sticky":"default","osh_sticky_header_style":"default","osh_sticky_header_effect":"","osh_custom_sticky_logo":0,"osh_custom_retina_sticky_logo":0,"osh_custom_sticky_logo_height":0,"osh_background_color":"","osh_links_color":"","osh_links_hover_color":"","osh_links_active_color":"","osh_links_bg_color":"","osh_links_hover_bg_color":"","osh_links_active_bg_color":"","osh_menu_social_links_color":"","osh_menu_social_hover_links_color":"","footnotes":""},"class_list":["post-2100","page","type-page","status-publish","hentry","entry"],"acf":[],"yoast_head":"<!-- This site is optimized with the Yoast SEO plugin v27.4 - https:\/\/yoast.com\/product\/yoast-seo-wordpress\/ -->\n<title>Journalistipaneeli - \u00c5bo Akademi FIRIPO<\/title>\n<meta name=\"robots\" content=\"index, follow, max-snippet:-1, max-image-preview:large, max-video-preview:-1\" \/>\n<link rel=\"canonical\" href=\"https:\/\/www.firipo.fi\/fi\/infrastruktuuri\/journalistipaneeli\/\" \/>\n<meta property=\"og:locale\" content=\"fi_FI\" \/>\n<meta property=\"og:type\" content=\"article\" \/>\n<meta property=\"og:title\" content=\"Journalistipaneeli - \u00c5bo Akademi FIRIPO\" \/>\n<meta property=\"og:description\" content=\"Ilmoittaudu Journalistipaneeliin Mist\u00e4 on kyse? Olemme parhaillaan rakentamassa uutta suomalaista Journalistipaneelia. Paneeli koostuu toimittajista, jotka voivat vastata muutaman kerran vuodessa tutkimuskyselyihin. Paneeli on ensimm\u00e4inen laatuaan Suomessa, ja se rakennetaan osana kansallista FIRIPO-infrastruktuuria, joka t\u00e4ll\u00e4 hetkell\u00e4 yll\u00e4pit\u00e4\u00e4 nelj\u00e4\u00e4 muuta paneelia. Tavoitteena on luoda paneelin avulla korkeatasoista tieteellist\u00e4 tutkimusta journalismin tilasta Suomessa. Kuka on hankkeen takana? FIRIPO [&hellip;]\" \/>\n<meta property=\"og:url\" content=\"https:\/\/www.firipo.fi\/fi\/infrastruktuuri\/journalistipaneeli\/\" \/>\n<meta property=\"og:site_name\" content=\"\u00c5bo Akademi FIRIPO\" \/>\n<meta property=\"article:modified_time\" content=\"2026-03-30T13:03:14+00:00\" \/>\n<meta name=\"twitter:card\" content=\"summary_large_image\" \/>\n<meta name=\"twitter:label1\" content=\"Arvioitu lukuaika\" \/>\n\t<meta name=\"twitter:data1\" content=\"2 minuuttia\" \/>\n<script type=\"application\/ld+json\" class=\"yoast-schema-graph\">{\"@context\":\"https:\\\/\\\/schema.org\",\"@graph\":[{\"@type\":\"WebPage\",\"@id\":\"https:\\\/\\\/www.firipo.fi\\\/fi\\\/infrastruktuuri\\\/journalistipaneeli\\\/\",\"url\":\"https:\\\/\\\/www.firipo.fi\\\/fi\\\/infrastruktuuri\\\/journalistipaneeli\\\/\",\"name\":\"Journalistipaneeli - \u00c5bo Akademi FIRIPO\",\"isPartOf\":{\"@id\":\"https:\\\/\\\/www.firipo.fi\\\/fi\\\/#website\"},\"datePublished\":\"2025-11-20T10:27:47+00:00\",\"dateModified\":\"2026-03-30T13:03:14+00:00\",\"breadcrumb\":{\"@id\":\"https:\\\/\\\/www.firipo.fi\\\/fi\\\/infrastruktuuri\\\/journalistipaneeli\\\/#breadcrumb\"},\"inLanguage\":\"fi\",\"potentialAction\":[{\"@type\":\"ReadAction\",\"target\":[\"https:\\\/\\\/www.firipo.fi\\\/fi\\\/infrastruktuuri\\\/journalistipaneeli\\\/\"]}]},{\"@type\":\"BreadcrumbList\",\"@id\":\"https:\\\/\\\/www.firipo.fi\\\/fi\\\/infrastruktuuri\\\/journalistipaneeli\\\/#breadcrumb\",\"itemListElement\":[{\"@type\":\"ListItem\",\"position\":1,\"name\":\"Home\",\"item\":\"https:\\\/\\\/www.firipo.fi\\\/fi\\\/\"},{\"@type\":\"ListItem\",\"position\":2,\"name\":\"Meist\u00e4\",\"item\":\"https:\\\/\\\/www.firipo.fi\\\/fi\\\/research\\\/\"},{\"@type\":\"ListItem\",\"position\":3,\"name\":\"Journalistipaneeli\"}]},{\"@type\":\"WebSite\",\"@id\":\"https:\\\/\\\/www.firipo.fi\\\/fi\\\/#website\",\"url\":\"https:\\\/\\\/www.firipo.fi\\\/fi\\\/\",\"name\":\"\u00c5bo Akademi FIRIPO\",\"description\":\"The Finnish Research Infrastructure for Public Opinion\",\"publisher\":{\"@id\":\"https:\\\/\\\/www.firipo.fi\\\/fi\\\/#organization\"},\"potentialAction\":[{\"@type\":\"SearchAction\",\"target\":{\"@type\":\"EntryPoint\",\"urlTemplate\":\"https:\\\/\\\/www.firipo.fi\\\/fi\\\/?s={search_term_string}\"},\"query-input\":{\"@type\":\"PropertyValueSpecification\",\"valueRequired\":true,\"valueName\":\"search_term_string\"}}],\"inLanguage\":\"fi\"},{\"@type\":\"Organization\",\"@id\":\"https:\\\/\\\/www.firipo.fi\\\/fi\\\/#organization\",\"name\":\"\u00c5bo Akademi FIRIPO\",\"url\":\"https:\\\/\\\/www.firipo.fi\\\/fi\\\/\",\"logo\":{\"@type\":\"ImageObject\",\"inLanguage\":\"fi\",\"@id\":\"https:\\\/\\\/www.firipo.fi\\\/fi\\\/#\\\/schema\\\/logo\\\/image\\\/\",\"url\":\"https:\\\/\\\/www.firipo.fi\\\/wp-content\\\/uploads\\\/2020\\\/03\\\/cropped-logo-png.png\",\"contentUrl\":\"https:\\\/\\\/www.firipo.fi\\\/wp-content\\\/uploads\\\/2020\\\/03\\\/cropped-logo-png.png\",\"width\":227,\"height\":306,\"caption\":\"\u00c5bo Akademi FIRIPO\"},\"image\":{\"@id\":\"https:\\\/\\\/www.firipo.fi\\\/fi\\\/#\\\/schema\\\/logo\\\/image\\\/\"}}]}<\/script>\n<!-- \/ Yoast SEO plugin. -->","yoast_head_json":{"title":"Journalistipaneeli - \u00c5bo Akademi FIRIPO","robots":{"index":"index","follow":"follow","max-snippet":"max-snippet:-1","max-image-preview":"max-image-preview:large","max-video-preview":"max-video-preview:-1"},"canonical":"https:\/\/www.firipo.fi\/fi\/infrastruktuuri\/journalistipaneeli\/","og_locale":"fi_FI","og_type":"article","og_title":"Journalistipaneeli - \u00c5bo Akademi FIRIPO","og_description":"Ilmoittaudu Journalistipaneeliin Mist\u00e4 on kyse? Olemme parhaillaan rakentamassa uutta suomalaista Journalistipaneelia. Paneeli koostuu toimittajista, jotka voivat vastata muutaman kerran vuodessa tutkimuskyselyihin. Paneeli on ensimm\u00e4inen laatuaan Suomessa, ja se rakennetaan osana kansallista FIRIPO-infrastruktuuria, joka t\u00e4ll\u00e4 hetkell\u00e4 yll\u00e4pit\u00e4\u00e4 nelj\u00e4\u00e4 muuta paneelia. Tavoitteena on luoda paneelin avulla korkeatasoista tieteellist\u00e4 tutkimusta journalismin tilasta Suomessa. Kuka on hankkeen takana? FIRIPO [&hellip;]","og_url":"https:\/\/www.firipo.fi\/fi\/infrastruktuuri\/journalistipaneeli\/","og_site_name":"\u00c5bo Akademi FIRIPO","article_modified_time":"2026-03-30T13:03:14+00:00","twitter_card":"summary_large_image","twitter_misc":{"Arvioitu lukuaika":"2 minuuttia"},"schema":{"@context":"https:\/\/schema.org","@graph":[{"@type":"WebPage","@id":"https:\/\/www.firipo.fi\/fi\/infrastruktuuri\/journalistipaneeli\/","url":"https:\/\/www.firipo.fi\/fi\/infrastruktuuri\/journalistipaneeli\/","name":"Journalistipaneeli - \u00c5bo Akademi FIRIPO","isPartOf":{"@id":"https:\/\/www.firipo.fi\/fi\/#website"},"datePublished":"2025-11-20T10:27:47+00:00","dateModified":"2026-03-30T13:03:14+00:00","breadcrumb":{"@id":"https:\/\/www.firipo.fi\/fi\/infrastruktuuri\/journalistipaneeli\/#breadcrumb"},"inLanguage":"fi","potentialAction":[{"@type":"ReadAction","target":["https:\/\/www.firipo.fi\/fi\/infrastruktuuri\/journalistipaneeli\/"]}]},{"@type":"BreadcrumbList","@id":"https:\/\/www.firipo.fi\/fi\/infrastruktuuri\/journalistipaneeli\/#breadcrumb","itemListElement":[{"@type":"ListItem","position":1,"name":"Home","item":"https:\/\/www.firipo.fi\/fi\/"},{"@type":"ListItem","position":2,"name":"Meist\u00e4","item":"https:\/\/www.firipo.fi\/fi\/research\/"},{"@type":"ListItem","position":3,"name":"Journalistipaneeli"}]},{"@type":"WebSite","@id":"https:\/\/www.firipo.fi\/fi\/#website","url":"https:\/\/www.firipo.fi\/fi\/","name":"\u00c5bo Akademi FIRIPO","description":"The Finnish Research Infrastructure for Public Opinion","publisher":{"@id":"https:\/\/www.firipo.fi\/fi\/#organization"},"potentialAction":[{"@type":"SearchAction","target":{"@type":"EntryPoint","urlTemplate":"https:\/\/www.firipo.fi\/fi\/?s={search_term_string}"},"query-input":{"@type":"PropertyValueSpecification","valueRequired":true,"valueName":"search_term_string"}}],"inLanguage":"fi"},{"@type":"Organization","@id":"https:\/\/www.firipo.fi\/fi\/#organization","name":"\u00c5bo Akademi FIRIPO","url":"https:\/\/www.firipo.fi\/fi\/","logo":{"@type":"ImageObject","inLanguage":"fi","@id":"https:\/\/www.firipo.fi\/fi\/#\/schema\/logo\/image\/","url":"https:\/\/www.firipo.fi\/wp-content\/uploads\/2020\/03\/cropped-logo-png.png","contentUrl":"https:\/\/www.firipo.fi\/wp-content\/uploads\/2020\/03\/cropped-logo-png.png","width":227,"height":306,"caption":"\u00c5bo Akademi FIRIPO"},"image":{"@id":"https:\/\/www.firipo.fi\/fi\/#\/schema\/logo\/image\/"}}]}},"_links":{"self":[{"href":"https:\/\/www.firipo.fi\/fi\/wp-json\/wp\/v2\/pages\/2100","targetHints":{"allow":["GET"]}}],"collection":[{"href":"https:\/\/www.firipo.fi\/fi\/wp-json\/wp\/v2\/pages"}],"about":[{"href":"https:\/\/www.firipo.fi\/fi\/wp-json\/wp\/v2\/types\/page"}],"author":[{"embeddable":true,"href":"https:\/\/www.firipo.fi\/fi\/wp-json\/wp\/v2\/users\/2"}],"replies":[{"embeddable":true,"href":"https:\/\/www.firipo.fi\/fi\/wp-json\/wp\/v2\/comments?post=2100"}],"version-history":[{"count":23,"href":"https:\/\/www.firipo.fi\/fi\/wp-json\/wp\/v2\/pages\/2100\/revisions"}],"predecessor-version":[{"id":2206,"href":"https:\/\/www.firipo.fi\/fi\/wp-json\/wp\/v2\/pages\/2100\/revisions\/2206"}],"up":[{"embeddable":true,"href":"https:\/\/www.firipo.fi\/fi\/wp-json\/wp\/v2\/pages\/1211"}],"wp:attachment":[{"href":"https:\/\/www.firipo.fi\/fi\/wp-json\/wp\/v2\/media?parent=2100"}],"curies":[{"name":"wp","href":"https:\/\/api.w.org\/{rel}","templated":true}]}}