{"id":1204,"date":"2020-03-18T10:30:07","date_gmt":"2020-03-18T08:30:07","guid":{"rendered":"https:\/\/www.firipo.fi\/etusivu\/"},"modified":"2024-11-16T10:49:35","modified_gmt":"2024-11-16T08:49:35","slug":"etusivu","status":"publish","type":"page","link":"https:\/\/www.firipo.fi\/fi\/","title":{"rendered":"Etusivu"},"content":{"rendered":"\t\t<div data-elementor-type=\"wp-page\" data-elementor-id=\"1204\" class=\"elementor elementor-1204 elementor-7\" data-elementor-post-type=\"page\">\n\t\t\t\t\t\t<section class=\"elementor-section elementor-top-section elementor-element elementor-element-75feb75 elementor-section-height-min-height elementor-section-items-bottom elementor-section-boxed elementor-section-height-default\" data-id=\"75feb75\" data-element_type=\"section\" data-e-type=\"section\" data-settings=\"{&quot;background_background&quot;:&quot;classic&quot;}\">\n\t\t\t\t\t\t\t<div class=\"elementor-background-overlay\"><\/div>\n\t\t\t\t\t\t\t<div class=\"elementor-container elementor-column-gap-default\">\n\t\t\t\t\t<div class=\"elementor-column elementor-col-100 elementor-top-column elementor-element elementor-element-19d12ac\" data-id=\"19d12ac\" data-element_type=\"column\" data-e-type=\"column\" data-settings=\"{&quot;background_background&quot;:&quot;slideshow&quot;,&quot;background_slideshow_gallery&quot;:[],&quot;background_slideshow_loop&quot;:&quot;yes&quot;,&quot;background_slideshow_slide_duration&quot;:5000,&quot;background_slideshow_slide_transition&quot;:&quot;fade&quot;,&quot;background_slideshow_transition_duration&quot;:500}\">\n\t\t\t<div class=\"elementor-widget-wrap elementor-element-populated\">\n\t\t\t\t\t\t<div class=\"elementor-element elementor-element-f4e4033 elementor-widget elementor-widget-heading\" data-id=\"f4e4033\" data-element_type=\"widget\" data-e-type=\"widget\" data-widget_type=\"heading.default\">\n\t\t\t\t<div class=\"elementor-widget-container\">\n\t\t\t\t\t<h1 class=\"elementor-heading-title elementor-size-default\">FIRIPO<\/h1>\t\t\t\t<\/div>\n\t\t\t\t<\/div>\n\t\t\t\t<div class=\"elementor-element elementor-element-e87b100 elementor-widget elementor-widget-heading\" data-id=\"e87b100\" data-element_type=\"widget\" data-e-type=\"widget\" data-widget_type=\"heading.default\">\n\t\t\t\t<div class=\"elementor-widget-container\">\n\t\t\t\t\t<h2 class=\"elementor-heading-title elementor-size-default\">Suomen yleisen mielipiteen tutkimusinfrastruktuuri<\/h2>\t\t\t\t<\/div>\n\t\t\t\t<\/div>\n\t\t\t\t\t<\/div>\n\t\t<\/div>\n\t\t\t\t\t<\/div>\n\t\t<\/section>\n\t\t\t\t<section class=\"elementor-section elementor-top-section elementor-element elementor-element-9e14cb0 elementor-section-boxed elementor-section-height-default elementor-section-height-default\" data-id=\"9e14cb0\" data-element_type=\"section\" data-e-type=\"section\">\n\t\t\t\t\t\t<div class=\"elementor-container elementor-column-gap-default\">\n\t\t\t\t\t<div class=\"elementor-column elementor-col-33 elementor-top-column elementor-element elementor-element-bb71e79\" data-id=\"bb71e79\" data-element_type=\"column\" data-e-type=\"column\">\n\t\t\t<div class=\"elementor-widget-wrap elementor-element-populated\">\n\t\t\t\t\t\t<div class=\"elementor-element elementor-element-87d71f3 elementor-cta--skin-cover elementor-cta--valign-middle elementor-animated-content elementor-bg-transform elementor-bg-transform-zoom-in elementor-widget elementor-widget-call-to-action\" data-id=\"87d71f3\" data-element_type=\"widget\" data-e-type=\"widget\" data-widget_type=\"call-to-action.default\">\n\t\t\t\t<div class=\"elementor-widget-container\">\n\t\t\t\t\t\t\t<a class=\"elementor-cta\" href=\"https:\/\/www.firipo.fi\/fi\/infrastruktuuri\/\">\n\t\t\t\t\t<div class=\"elementor-cta__bg-wrapper\">\n\t\t\t\t<div class=\"elementor-cta__bg elementor-bg\" style=\"background-image: url(https:\/\/www.firipo.fi\/wp-content\/uploads\/2022\/09\/IG-384-1024x681.jpg);\" role=\"img\" aria-label=\"IG (384)\"><\/div>\n\t\t\t\t<div class=\"elementor-cta__bg-overlay\"><\/div>\n\t\t\t<\/div>\n\t\t\t\t\t\t\t<div class=\"elementor-cta__content\">\n\t\t\t\t\n\t\t\t\t\t\t\t\t\t<h2 class=\"elementor-cta__title elementor-cta__content-item elementor-content-item elementor-animated-item--grow\">\n\t\t\t\t\t\tTutkimus\t\t\t\t\t<\/h2>\n\t\t\t\t\n\t\t\t\t\n\t\t\t\t\t\t\t<\/div>\n\t\t\t\t\t\t<\/a>\n\t\t\t\t\t\t<\/div>\n\t\t\t\t<\/div>\n\t\t\t\t\t<\/div>\n\t\t<\/div>\n\t\t\t\t<div class=\"elementor-column elementor-col-33 elementor-top-column elementor-element elementor-element-d74ed3e\" data-id=\"d74ed3e\" data-element_type=\"column\" data-e-type=\"column\">\n\t\t\t<div class=\"elementor-widget-wrap elementor-element-populated\">\n\t\t\t\t\t\t<div class=\"elementor-element elementor-element-e8d8d4b elementor-cta--skin-cover elementor-animated-content elementor-bg-transform elementor-bg-transform-zoom-in elementor-widget elementor-widget-call-to-action\" data-id=\"e8d8d4b\" data-element_type=\"widget\" data-e-type=\"widget\" data-widget_type=\"call-to-action.default\">\n\t\t\t\t<div class=\"elementor-widget-container\">\n\t\t\t\t\t\t\t<a class=\"elementor-cta\" href=\"https:\/\/www.firipo.fi\/fi\/yhteistyo\/\">\n\t\t\t\t\t<div class=\"elementor-cta__bg-wrapper\">\n\t\t\t\t<div class=\"elementor-cta__bg elementor-bg\" style=\"background-image: url(https:\/\/www.firipo.fi\/wp-content\/uploads\/2022\/09\/IG-187-1024x681.jpg);\" role=\"img\" aria-label=\"IG (187)\"><\/div>\n\t\t\t\t<div class=\"elementor-cta__bg-overlay\"><\/div>\n\t\t\t<\/div>\n\t\t\t\t\t\t\t<div class=\"elementor-cta__content\">\n\t\t\t\t\n\t\t\t\t\t\t\t\t\t<h2 class=\"elementor-cta__title elementor-cta__content-item elementor-content-item elementor-animated-item--grow\">\n\t\t\t\t\t\tYhteisty\u00f6\t\t\t\t\t<\/h2>\n\t\t\t\t\n\t\t\t\t\n\t\t\t\t\t\t\t<\/div>\n\t\t\t\t\t\t<\/a>\n\t\t\t\t\t\t<\/div>\n\t\t\t\t<\/div>\n\t\t\t\t\t<\/div>\n\t\t<\/div>\n\t\t\t\t<div class=\"elementor-column elementor-col-33 elementor-top-column elementor-element elementor-element-ce31274\" data-id=\"ce31274\" data-element_type=\"column\" data-e-type=\"column\">\n\t\t\t<div class=\"elementor-widget-wrap elementor-element-populated\">\n\t\t\t\t\t\t<div class=\"elementor-element elementor-element-4970ae8 elementor-cta--skin-cover elementor-animated-content elementor-bg-transform elementor-bg-transform-zoom-in elementor-widget elementor-widget-call-to-action\" data-id=\"4970ae8\" data-element_type=\"widget\" data-e-type=\"widget\" data-widget_type=\"call-to-action.default\">\n\t\t\t\t<div class=\"elementor-widget-container\">\n\t\t\t\t\t\t\t<a class=\"elementor-cta\" href=\"https:\/\/www.firipo.fi\/fi\/yhteystiedot\/\">\n\t\t\t\t\t<div class=\"elementor-cta__bg-wrapper\">\n\t\t\t\t<div class=\"elementor-cta__bg elementor-bg\" style=\"background-image: url(https:\/\/www.firipo.fi\/wp-content\/uploads\/2022\/09\/IG-256-681x1024.jpg);\" role=\"img\" aria-label=\"IG (256)\"><\/div>\n\t\t\t\t<div class=\"elementor-cta__bg-overlay\"><\/div>\n\t\t\t<\/div>\n\t\t\t\t\t\t\t<div class=\"elementor-cta__content\">\n\t\t\t\t\n\t\t\t\t\t\t\t\t\t<h2 class=\"elementor-cta__title elementor-cta__content-item elementor-content-item elementor-animated-item--grow\">\n\t\t\t\t\t\tYhteystiedot\t\t\t\t\t<\/h2>\n\t\t\t\t\n\t\t\t\t\n\t\t\t\t\t\t\t<\/div>\n\t\t\t\t\t\t<\/a>\n\t\t\t\t\t\t<\/div>\n\t\t\t\t<\/div>\n\t\t\t\t\t<\/div>\n\t\t<\/div>\n\t\t\t\t\t<\/div>\n\t\t<\/section>\n\t\t\t\t<section class=\"elementor-section elementor-top-section elementor-element elementor-element-cfab104 elementor-section-boxed elementor-section-height-default elementor-section-height-default\" data-id=\"cfab104\" data-element_type=\"section\" data-e-type=\"section\">\n\t\t\t\t\t\t<div class=\"elementor-container elementor-column-gap-default\">\n\t\t\t\t\t<div class=\"elementor-column elementor-col-100 elementor-top-column elementor-element elementor-element-260b282\" data-id=\"260b282\" data-element_type=\"column\" data-e-type=\"column\">\n\t\t\t<div class=\"elementor-widget-wrap elementor-element-populated\">\n\t\t\t\t\t\t<section class=\"elementor-section elementor-inner-section elementor-element elementor-element-be8c0ea elementor-section-boxed elementor-section-height-default elementor-section-height-default\" data-id=\"be8c0ea\" data-element_type=\"section\" data-e-type=\"section\">\n\t\t\t\t\t\t<div class=\"elementor-container elementor-column-gap-default\">\n\t\t\t\t\t<div class=\"elementor-column elementor-col-50 elementor-inner-column elementor-element elementor-element-38c2274\" data-id=\"38c2274\" data-element_type=\"column\" data-e-type=\"column\">\n\t\t\t<div class=\"elementor-widget-wrap elementor-element-populated\">\n\t\t\t\t\t\t<div class=\"elementor-element elementor-element-b3c9506 elementor-widget elementor-widget-text-editor\" data-id=\"b3c9506\" data-element_type=\"widget\" data-e-type=\"widget\" data-widget_type=\"text-editor.default\">\n\t\t\t\t<div class=\"elementor-widget-container\">\n\t\t\t\t\t\t\t\t\t<h2>FIRIPO<\/h2><p><strong>Suomen yleisen mielipiteen tutkimusinfrastruktuuri (FIRIPO) on \u00c5bo Akademin, Turun yliopiston ja Tampereen yliopiston yhteinen hanke, jonka tavoitteena on luoda kansallinen infrastruktuuri kansalaisten mielipiteiden tutkimukselle Suomessa. FIRIPO on Suomen Akatemian rahoittama. FIRIPO:n nelj\u00e4 keskeist\u00e4 tavoitetta ovat:<\/strong><\/p><ol><li>Systematisoida ja koordinoida mielipiteiden ja valintak\u00e4ytt\u00e4ytymisen tutkimusta Suomessa<\/li><li>Oppia, kehitt\u00e4\u00e4 ja jakaa (uusia) menetelmi\u00e4 mielipiteiden tutkimukseen sek\u00e4 neuvoa, kuinka kansalaisten mielipiteit\u00e4 koskevaa tutkimustietoa voidaan hy\u00f6dynt\u00e4\u00e4 p\u00e4\u00e4t\u00f6ksenteossa<\/li><li>Luoda avoin alusta yleisen mielipiteen tutkimukselle<\/li><li>Edist\u00e4\u00e4 avointa tiedett\u00e4 avoimen datan ja avoimen yhteisty\u00f6n avulla yhdess\u00e4 Yhteiskuntatieteellisen tietoarkiston (FSD) kanssa.<\/li><\/ol><p>Infrastruktuurin osallistujatietokannat tarjoavat tutkijoille luotettavia v\u00e4lineit\u00e4 tiedonkeruuseen sek\u00e4 mahdollisuuden tutkia nopeasti ja tarkasti yleist\u00e4 mielipidett\u00e4 ajankohtaisista tapahtumista. Deliberaatio- ja p\u00e4\u00e4t\u00f6ksentekolaboratoriot puolestaan tarjoavat mahdollisuuksia p\u00e4\u00e4t\u00f6ksenteon ja poliittisten valintojen kokeelliseen tutkimiseen.<\/p>\t\t\t\t\t\t\t\t<\/div>\n\t\t\t\t<\/div>\n\t\t\t\t\t<\/div>\n\t\t<\/div>\n\t\t\t\t<div class=\"elementor-column elementor-col-50 elementor-inner-column elementor-element elementor-element-53d52e8\" data-id=\"53d52e8\" data-element_type=\"column\" data-e-type=\"column\">\n\t\t\t<div class=\"elementor-widget-wrap elementor-element-populated\">\n\t\t\t\t\t\t<div class=\"elementor-element elementor-element-899d0b5 elementor-widget elementor-widget-image\" data-id=\"899d0b5\" data-element_type=\"widget\" data-e-type=\"widget\" data-widget_type=\"image.default\">\n\t\t\t\t<div class=\"elementor-widget-container\">\n\t\t\t\t\t\t\t\t\t\t\t\t\t\t\t<img decoding=\"async\" src=\"https:\/\/www.firipo.fi\/wp-content\/uploads\/elementor\/thumbs\/IG-62-scaled-pvbokfxpsxvnzl9mwunqmfa1xppx1q38e11kxpl45c.jpg\" title=\"IG (62)\" alt=\"IG (62)\" loading=\"lazy\" \/>\t\t\t\t\t\t\t\t\t\t\t\t\t\t\t<\/div>\n\t\t\t\t<\/div>\n\t\t\t\t\t<\/div>\n\t\t<\/div>\n\t\t\t\t\t<\/div>\n\t\t<\/section>\n\t\t\t\t<section class=\"elementor-section elementor-inner-section elementor-element elementor-element-14cdcf3 elementor-section-boxed elementor-section-height-default elementor-section-height-default\" data-id=\"14cdcf3\" data-element_type=\"section\" data-e-type=\"section\">\n\t\t\t\t\t\t<div class=\"elementor-container elementor-column-gap-default\">\n\t\t\t\t\t<div class=\"elementor-column elementor-col-50 elementor-inner-column elementor-element elementor-element-cf1806d\" data-id=\"cf1806d\" data-element_type=\"column\" data-e-type=\"column\">\n\t\t\t<div class=\"elementor-widget-wrap\">\n\t\t\t\t\t\t\t<\/div>\n\t\t<\/div>\n\t\t\t\t<div class=\"elementor-column elementor-col-50 elementor-inner-column elementor-element elementor-element-80fea5d\" data-id=\"80fea5d\" data-element_type=\"column\" data-e-type=\"column\">\n\t\t\t<div class=\"elementor-widget-wrap\">\n\t\t\t\t\t\t\t<\/div>\n\t\t<\/div>\n\t\t\t\t\t<\/div>\n\t\t<\/section>\n\t\t\t\t\t<\/div>\n\t\t<\/div>\n\t\t\t\t\t<\/div>\n\t\t<\/section>\n\t\t\t\t<section class=\"elementor-section elementor-top-section elementor-element elementor-element-542fb66 elementor-section-boxed elementor-section-height-default elementor-section-height-default\" data-id=\"542fb66\" data-element_type=\"section\" data-e-type=\"section\">\n\t\t\t\t\t\t<div class=\"elementor-container elementor-column-gap-default\">\n\t\t\t\t\t<div class=\"elementor-column elementor-col-100 elementor-top-column elementor-element elementor-element-1f2e501\" data-id=\"1f2e501\" data-element_type=\"column\" data-e-type=\"column\">\n\t\t\t<div class=\"elementor-widget-wrap elementor-element-populated\">\n\t\t\t\t\t\t\t<\/div>\n\t\t<\/div>\n\t\t\t\t\t<\/div>\n\t\t<\/section>\n\t\t\t\t<\/div>\n\t\t","protected":false},"excerpt":{"rendered":"<p>FIRIPO Suomen yleisen mielipiteen tutkimusinfrastruktuuri Tutkimus Yhteisty\u00f6 Yhteystiedot FIRIPO Suomen yleisen mielipiteen tutkimusinfrastruktuuri (FIRIPO) on \u00c5bo Akademin, Turun yliopiston ja Tampereen yliopiston yhteinen hanke, jonka tavoitteena on luoda kansallinen infrastruktuuri kansalaisten mielipiteiden tutkimukselle Suomessa. FIRIPO on Suomen Akatemian rahoittama. FIRIPO:n nelj\u00e4 keskeist\u00e4 tavoitetta ovat: Systematisoida ja koordinoida mielipiteiden ja valintak\u00e4ytt\u00e4ytymisen tutkimusta Suomessa Oppia, kehitt\u00e4\u00e4 ja [&hellip;]<\/p>\n","protected":false},"author":1,"featured_media":0,"parent":0,"menu_order":0,"comment_status":"closed","ping_status":"closed","template":"","meta":{"_acf_changed":false,"ocean_post_layout":"","ocean_both_sidebars_style":"","ocean_both_sidebars_content_width":0,"ocean_both_sidebars_sidebars_width":0,"ocean_sidebar":"0","ocean_second_sidebar":"0","ocean_disable_margins":"enable","ocean_add_body_class":"","ocean_shortcode_before_top_bar":"","ocean_shortcode_after_top_bar":"","ocean_shortcode_before_header":"","ocean_shortcode_after_header":"","ocean_has_shortcode":"","ocean_shortcode_after_title":"","ocean_shortcode_before_footer_widgets":"","ocean_shortcode_after_footer_widgets":"","ocean_shortcode_before_footer_bottom":"","ocean_shortcode_after_footer_bottom":"","ocean_display_top_bar":"default","ocean_display_header":"default","ocean_header_style":"","ocean_center_header_left_menu":"0","ocean_custom_header_template":"0","ocean_custom_logo":0,"ocean_custom_retina_logo":0,"ocean_custom_logo_max_width":0,"ocean_custom_logo_tablet_max_width":0,"ocean_custom_logo_mobile_max_width":0,"ocean_custom_logo_max_height":0,"ocean_custom_logo_tablet_max_height":0,"ocean_custom_logo_mobile_max_height":0,"ocean_header_custom_menu":"0","ocean_menu_typo_font_family":"0","ocean_menu_typo_font_subset":"","ocean_menu_typo_font_size":0,"ocean_menu_typo_font_size_tablet":0,"ocean_menu_typo_font_size_mobile":0,"ocean_menu_typo_font_size_unit":"px","ocean_menu_typo_font_weight":"","ocean_menu_typo_font_weight_tablet":"","ocean_menu_typo_font_weight_mobile":"","ocean_menu_typo_transform":"","ocean_menu_typo_transform_tablet":"","ocean_menu_typo_transform_mobile":"","ocean_menu_typo_line_height":0,"ocean_menu_typo_line_height_tablet":0,"ocean_menu_typo_line_height_mobile":0,"ocean_menu_typo_line_height_unit":"","ocean_menu_typo_spacing":0,"ocean_menu_typo_spacing_tablet":0,"ocean_menu_typo_spacing_mobile":0,"ocean_menu_typo_spacing_unit":"","ocean_menu_link_color":"","ocean_menu_link_color_hover":"","ocean_menu_link_color_active":"","ocean_menu_link_background":"","ocean_menu_link_hover_background":"","ocean_menu_link_active_background":"","ocean_menu_social_links_bg":"","ocean_menu_social_hover_links_bg":"","ocean_menu_social_links_color":"","ocean_menu_social_hover_links_color":"","ocean_disable_title":"default","ocean_disable_heading":"default","ocean_post_title":"","ocean_post_subheading":"","ocean_post_title_style":"","ocean_post_title_background_color":"","ocean_post_title_background":0,"ocean_post_title_bg_image_position":"","ocean_post_title_bg_image_attachment":"","ocean_post_title_bg_image_repeat":"","ocean_post_title_bg_image_size":"","ocean_post_title_height":0,"ocean_post_title_bg_overlay":0.5,"ocean_post_title_bg_overlay_color":"","ocean_disable_breadcrumbs":"default","ocean_breadcrumbs_color":"","ocean_breadcrumbs_separator_color":"","ocean_breadcrumbs_links_color":"","ocean_breadcrumbs_links_hover_color":"","ocean_display_footer_widgets":"default","ocean_display_footer_bottom":"default","ocean_custom_footer_template":"0","osh_disable_topbar_sticky":"default","osh_disable_header_sticky":"default","osh_sticky_header_style":"default","osh_sticky_header_effect":"","osh_custom_sticky_logo":0,"osh_custom_retina_sticky_logo":0,"osh_custom_sticky_logo_height":0,"osh_background_color":"","osh_links_color":"","osh_links_hover_color":"","osh_links_active_color":"","osh_links_bg_color":"","osh_links_hover_bg_color":"","osh_links_active_bg_color":"","osh_menu_social_links_color":"","osh_menu_social_hover_links_color":"","footnotes":""},"class_list":["post-1204","page","type-page","status-publish","hentry","entry"],"acf":[],"yoast_head":"<!-- This site is optimized with the Yoast SEO plugin v27.3 - https:\/\/yoast.com\/product\/yoast-seo-wordpress\/ -->\n<title>Etusivu - \u00c5bo Akademi FIRIPO<\/title>\n<meta name=\"description\" content=\"FIRIPO (The Finnish Research Infrastructure for Public Opinion) on \u00c5bo Akademin, Turun yliopiston ja Tampereen yliopiston yhteinen hanke, jonka tavoitteena on luoda kansallinen infrastruktuuri kansalaisten mielipiteiden tutkimukselle Suomessa.\" \/>\n<meta name=\"robots\" content=\"index, follow, max-snippet:-1, max-image-preview:large, max-video-preview:-1\" \/>\n<link rel=\"canonical\" href=\"https:\/\/www.firipo.fi\/fi\/\" \/>\n<meta property=\"og:locale\" content=\"fi_FI\" \/>\n<meta property=\"og:type\" content=\"article\" \/>\n<meta property=\"og:title\" content=\"Etusivu - \u00c5bo Akademi FIRIPO\" \/>\n<meta property=\"og:description\" content=\"FIRIPO (The Finnish Research Infrastructure for Public Opinion) on \u00c5bo Akademin, Turun yliopiston ja Tampereen yliopiston yhteinen hanke, jonka tavoitteena on luoda kansallinen infrastruktuuri kansalaisten mielipiteiden tutkimukselle Suomessa.\" \/>\n<meta property=\"og:url\" content=\"https:\/\/www.firipo.fi\/fi\/\" \/>\n<meta property=\"og:site_name\" content=\"\u00c5bo Akademi FIRIPO\" \/>\n<meta property=\"article:modified_time\" content=\"2024-11-16T08:49:35+00:00\" \/>\n<meta property=\"og:image\" content=\"https:\/\/www.firipo.fi\/wp-content\/uploads\/elementor\/thumbs\/IG-62-scaled-pvbokfxpsxvnzl9mwunqmfa1xppx1q38e11kxpl45c.jpg\" \/>\n<meta name=\"twitter:card\" content=\"summary_large_image\" \/>\n<meta name=\"twitter:label1\" content=\"Arvioitu lukuaika\" \/>\n\t<meta name=\"twitter:data1\" content=\"3 minuuttia\" \/>\n<script type=\"application\/ld+json\" class=\"yoast-schema-graph\">{\"@context\":\"https:\\\/\\\/schema.org\",\"@graph\":[{\"@type\":\"WebPage\",\"@id\":\"https:\\\/\\\/www.firipo.fi\\\/fi\\\/\",\"url\":\"https:\\\/\\\/www.firipo.fi\\\/fi\\\/\",\"name\":\"Etusivu - \u00c5bo Akademi FIRIPO\",\"isPartOf\":{\"@id\":\"https:\\\/\\\/www.firipo.fi\\\/fi\\\/#website\"},\"primaryImageOfPage\":{\"@id\":\"https:\\\/\\\/www.firipo.fi\\\/fi\\\/#primaryimage\"},\"image\":{\"@id\":\"https:\\\/\\\/www.firipo.fi\\\/fi\\\/#primaryimage\"},\"thumbnailUrl\":\"https:\\\/\\\/www.firipo.fi\\\/wp-content\\\/uploads\\\/elementor\\\/thumbs\\\/IG-62-scaled-pvbokfxpsxvnzl9mwunqmfa1xppx1q38e11kxpl45c.jpg\",\"datePublished\":\"2020-03-18T08:30:07+00:00\",\"dateModified\":\"2024-11-16T08:49:35+00:00\",\"description\":\"FIRIPO (The Finnish Research Infrastructure for Public Opinion) on \u00c5bo Akademin, Turun yliopiston ja Tampereen yliopiston yhteinen hanke, jonka tavoitteena on luoda kansallinen infrastruktuuri kansalaisten mielipiteiden tutkimukselle Suomessa.\",\"breadcrumb\":{\"@id\":\"https:\\\/\\\/www.firipo.fi\\\/fi\\\/#breadcrumb\"},\"inLanguage\":\"fi\",\"potentialAction\":[{\"@type\":\"ReadAction\",\"target\":[\"https:\\\/\\\/www.firipo.fi\\\/fi\\\/\"]}]},{\"@type\":\"ImageObject\",\"inLanguage\":\"fi\",\"@id\":\"https:\\\/\\\/www.firipo.fi\\\/fi\\\/#primaryimage\",\"url\":\"https:\\\/\\\/www.firipo.fi\\\/wp-content\\\/uploads\\\/elementor\\\/thumbs\\\/IG-62-scaled-pvbokfxpsxvnzl9mwunqmfa1xppx1q38e11kxpl45c.jpg\",\"contentUrl\":\"https:\\\/\\\/www.firipo.fi\\\/wp-content\\\/uploads\\\/elementor\\\/thumbs\\\/IG-62-scaled-pvbokfxpsxvnzl9mwunqmfa1xppx1q38e11kxpl45c.jpg\"},{\"@type\":\"BreadcrumbList\",\"@id\":\"https:\\\/\\\/www.firipo.fi\\\/fi\\\/#breadcrumb\",\"itemListElement\":[{\"@type\":\"ListItem\",\"position\":1,\"name\":\"Home\",\"item\":\"https:\\\/\\\/www.firipo.fi\\\/fi\\\/\"},{\"@type\":\"ListItem\",\"position\":2,\"name\":\"Etusivu\"}]},{\"@type\":\"WebSite\",\"@id\":\"https:\\\/\\\/www.firipo.fi\\\/fi\\\/#website\",\"url\":\"https:\\\/\\\/www.firipo.fi\\\/fi\\\/\",\"name\":\"\u00c5bo Akademi FIRIPO\",\"description\":\"The Finnish Research Infrastructure for Public Opinion\",\"publisher\":{\"@id\":\"https:\\\/\\\/www.firipo.fi\\\/fi\\\/#organization\"},\"potentialAction\":[{\"@type\":\"SearchAction\",\"target\":{\"@type\":\"EntryPoint\",\"urlTemplate\":\"https:\\\/\\\/www.firipo.fi\\\/fi\\\/?s={search_term_string}\"},\"query-input\":{\"@type\":\"PropertyValueSpecification\",\"valueRequired\":true,\"valueName\":\"search_term_string\"}}],\"inLanguage\":\"fi\"},{\"@type\":\"Organization\",\"@id\":\"https:\\\/\\\/www.firipo.fi\\\/fi\\\/#organization\",\"name\":\"\u00c5bo Akademi FIRIPO\",\"url\":\"https:\\\/\\\/www.firipo.fi\\\/fi\\\/\",\"logo\":{\"@type\":\"ImageObject\",\"inLanguage\":\"fi\",\"@id\":\"https:\\\/\\\/www.firipo.fi\\\/fi\\\/#\\\/schema\\\/logo\\\/image\\\/\",\"url\":\"https:\\\/\\\/www.firipo.fi\\\/wp-content\\\/uploads\\\/2020\\\/03\\\/cropped-logo-png.png\",\"contentUrl\":\"https:\\\/\\\/www.firipo.fi\\\/wp-content\\\/uploads\\\/2020\\\/03\\\/cropped-logo-png.png\",\"width\":227,\"height\":306,\"caption\":\"\u00c5bo Akademi FIRIPO\"},\"image\":{\"@id\":\"https:\\\/\\\/www.firipo.fi\\\/fi\\\/#\\\/schema\\\/logo\\\/image\\\/\"}}]}<\/script>\n<!-- \/ Yoast SEO plugin. -->","yoast_head_json":{"title":"Etusivu - \u00c5bo Akademi FIRIPO","description":"FIRIPO (The Finnish Research Infrastructure for Public Opinion) on \u00c5bo Akademin, Turun yliopiston ja Tampereen yliopiston yhteinen hanke, jonka tavoitteena on luoda kansallinen infrastruktuuri kansalaisten mielipiteiden tutkimukselle Suomessa.","robots":{"index":"index","follow":"follow","max-snippet":"max-snippet:-1","max-image-preview":"max-image-preview:large","max-video-preview":"max-video-preview:-1"},"canonical":"https:\/\/www.firipo.fi\/fi\/","og_locale":"fi_FI","og_type":"article","og_title":"Etusivu - \u00c5bo Akademi FIRIPO","og_description":"FIRIPO (The Finnish Research Infrastructure for Public Opinion) on \u00c5bo Akademin, Turun yliopiston ja Tampereen yliopiston yhteinen hanke, jonka tavoitteena on luoda kansallinen infrastruktuuri kansalaisten mielipiteiden tutkimukselle Suomessa.","og_url":"https:\/\/www.firipo.fi\/fi\/","og_site_name":"\u00c5bo Akademi FIRIPO","article_modified_time":"2024-11-16T08:49:35+00:00","og_image":[{"url":"https:\/\/www.firipo.fi\/wp-content\/uploads\/elementor\/thumbs\/IG-62-scaled-pvbokfxpsxvnzl9mwunqmfa1xppx1q38e11kxpl45c.jpg","type":"","width":"","height":""}],"twitter_card":"summary_large_image","twitter_misc":{"Arvioitu lukuaika":"3 minuuttia"},"schema":{"@context":"https:\/\/schema.org","@graph":[{"@type":"WebPage","@id":"https:\/\/www.firipo.fi\/fi\/","url":"https:\/\/www.firipo.fi\/fi\/","name":"Etusivu - \u00c5bo Akademi FIRIPO","isPartOf":{"@id":"https:\/\/www.firipo.fi\/fi\/#website"},"primaryImageOfPage":{"@id":"https:\/\/www.firipo.fi\/fi\/#primaryimage"},"image":{"@id":"https:\/\/www.firipo.fi\/fi\/#primaryimage"},"thumbnailUrl":"https:\/\/www.firipo.fi\/wp-content\/uploads\/elementor\/thumbs\/IG-62-scaled-pvbokfxpsxvnzl9mwunqmfa1xppx1q38e11kxpl45c.jpg","datePublished":"2020-03-18T08:30:07+00:00","dateModified":"2024-11-16T08:49:35+00:00","description":"FIRIPO (The Finnish Research Infrastructure for Public Opinion) on \u00c5bo Akademin, Turun yliopiston ja Tampereen yliopiston yhteinen hanke, jonka tavoitteena on luoda kansallinen infrastruktuuri kansalaisten mielipiteiden tutkimukselle Suomessa.","breadcrumb":{"@id":"https:\/\/www.firipo.fi\/fi\/#breadcrumb"},"inLanguage":"fi","potentialAction":[{"@type":"ReadAction","target":["https:\/\/www.firipo.fi\/fi\/"]}]},{"@type":"ImageObject","inLanguage":"fi","@id":"https:\/\/www.firipo.fi\/fi\/#primaryimage","url":"https:\/\/www.firipo.fi\/wp-content\/uploads\/elementor\/thumbs\/IG-62-scaled-pvbokfxpsxvnzl9mwunqmfa1xppx1q38e11kxpl45c.jpg","contentUrl":"https:\/\/www.firipo.fi\/wp-content\/uploads\/elementor\/thumbs\/IG-62-scaled-pvbokfxpsxvnzl9mwunqmfa1xppx1q38e11kxpl45c.jpg"},{"@type":"BreadcrumbList","@id":"https:\/\/www.firipo.fi\/fi\/#breadcrumb","itemListElement":[{"@type":"ListItem","position":1,"name":"Home","item":"https:\/\/www.firipo.fi\/fi\/"},{"@type":"ListItem","position":2,"name":"Etusivu"}]},{"@type":"WebSite","@id":"https:\/\/www.firipo.fi\/fi\/#website","url":"https:\/\/www.firipo.fi\/fi\/","name":"\u00c5bo Akademi FIRIPO","description":"The Finnish Research Infrastructure for Public Opinion","publisher":{"@id":"https:\/\/www.firipo.fi\/fi\/#organization"},"potentialAction":[{"@type":"SearchAction","target":{"@type":"EntryPoint","urlTemplate":"https:\/\/www.firipo.fi\/fi\/?s={search_term_string}"},"query-input":{"@type":"PropertyValueSpecification","valueRequired":true,"valueName":"search_term_string"}}],"inLanguage":"fi"},{"@type":"Organization","@id":"https:\/\/www.firipo.fi\/fi\/#organization","name":"\u00c5bo Akademi FIRIPO","url":"https:\/\/www.firipo.fi\/fi\/","logo":{"@type":"ImageObject","inLanguage":"fi","@id":"https:\/\/www.firipo.fi\/fi\/#\/schema\/logo\/image\/","url":"https:\/\/www.firipo.fi\/wp-content\/uploads\/2020\/03\/cropped-logo-png.png","contentUrl":"https:\/\/www.firipo.fi\/wp-content\/uploads\/2020\/03\/cropped-logo-png.png","width":227,"height":306,"caption":"\u00c5bo Akademi FIRIPO"},"image":{"@id":"https:\/\/www.firipo.fi\/fi\/#\/schema\/logo\/image\/"}}]}},"_links":{"self":[{"href":"https:\/\/www.firipo.fi\/fi\/wp-json\/wp\/v2\/pages\/1204","targetHints":{"allow":["GET"]}}],"collection":[{"href":"https:\/\/www.firipo.fi\/fi\/wp-json\/wp\/v2\/pages"}],"about":[{"href":"https:\/\/www.firipo.fi\/fi\/wp-json\/wp\/v2\/types\/page"}],"author":[{"embeddable":true,"href":"https:\/\/www.firipo.fi\/fi\/wp-json\/wp\/v2\/users\/1"}],"replies":[{"embeddable":true,"href":"https:\/\/www.firipo.fi\/fi\/wp-json\/wp\/v2\/comments?post=1204"}],"version-history":[{"count":20,"href":"https:\/\/www.firipo.fi\/fi\/wp-json\/wp\/v2\/pages\/1204\/revisions"}],"predecessor-version":[{"id":1928,"href":"https:\/\/www.firipo.fi\/fi\/wp-json\/wp\/v2\/pages\/1204\/revisions\/1928"}],"wp:attachment":[{"href":"https:\/\/www.firipo.fi\/fi\/wp-json\/wp\/v2\/media?parent=1204"}],"curies":[{"name":"wp","href":"https:\/\/api.w.org\/{rel}","templated":true}]}}